{"id":2,"date":"2020-07-24T15:44:09","date_gmt":"2020-07-24T15:44:09","guid":{"rendered":"https:\/\/www.schaefer.vet\/?page_id=2"},"modified":"2025-10-22T05:03:50","modified_gmt":"2025-10-22T04:03:50","slug":"impressum","status":"publish","type":"page","link":"https:\/\/www.schaefer.vet\/?page_id=2","title":{"rendered":"IMPRESSUM"},"content":{"rendered":"\n<figure class=\"wp-block-image size-medium is-resized is-style-default\"><img loading=\"lazy\" decoding=\"async\" width=\"300\" height=\"212\" src=\"https:\/\/www.schaefer.vet\/wp-content\/uploads\/2020\/07\/Logo-300x212.png\" alt=\"\" class=\"wp-image-7\" style=\"width:253px;height:179px\" srcset=\"https:\/\/www.schaefer.vet\/wp-content\/uploads\/2020\/07\/Logo-300x212.png 300w, https:\/\/www.schaefer.vet\/wp-content\/uploads\/2020\/07\/Logo-768x543.png 768w, https:\/\/www.schaefer.vet\/wp-content\/uploads\/2020\/07\/Logo.png 842w\" sizes=\"auto, (max-width: 300px) 100vw, 300px\" \/><\/figure>\n\n\n\n<p class=\"has-vivid-red-color has-text-color\" style=\"font-size:35px\"><strong>IMPRESSUM<\/strong><\/p>\n\n\n\n<p class=\"has-foreground-color has-text-color\">Tier\u00e4rztin Lisa Sch\u00e4fer<br>Praxis f\u00fcr Klein- und Heimtiere<br>Bahnhofstra\u00dfe 13, 63691 Ranstadt<br>Telefon: <a href=\"tel:060413739828\">06041 3739828<\/a><br>E-Mail:  <a href=\"mailto:praxis@schaefer.vet\">praxis@schaefer.vet<\/a><\/p>\n\n\n\n<p>Wir erheben unsere Geb\u00fchren nach der <a href=\"https:\/\/www.ltk-hessen.de\/fileadmin\/www_ltk_hessen_de\/Dateien_neu\/GOT\/GOT_2020.pdf\">Geb\u00fchrenordnung <\/a> f\u00fcr Tier\u00e4rzte.<\/p>\n\n\n\n<p>Verantwortlich f\u00fcr den Inhalt (gem. \u00a7 55 Abs. 2 RStV): Lisa Sch\u00e4fer<\/p>\n\n\n\n<p>Aufsichtsbeh\u00f6rde und zust\u00e4ndige Kammer:<br><a href=\"https:\/\/www.ltk-hessen.de\/\">Landestier\u00e4rztekammer Hessen<\/a><br>-K\u00f6rperschaft des \u00f6ffentlichen Rechts-<br>Ludwigstra\u00dfe 1<br>65510 Idstein<\/p>\n\n\n\n<p><br>Berufsbezeichnung: Tier\u00e4rztin (verliehen in Deutschland)<br>Approbationsbeh\u00f6rde: <a href=\"https:\/\/rp-giessen.hessen.de\/\" data-type=\"URL\" data-id=\"https:\/\/rp-giessen.hessen.de\/\">Regierungspr\u00e4sidium Gie\u00dfen<\/a><br><\/p>\n\n\n\n<div class=\"wp-block-group is-vertical is-layout-flex wp-container-core-group-is-layout-fe9cc265 wp-block-group-is-layout-flex\">\n<div class=\"wp-block-group is-layout-flow wp-block-group-is-layout-flow\">\n<div class=\"wp-block-group is-layout-flow wp-container-core-group-is-layout-b15f4bf2 wp-block-group-is-layout-flow\">\n<p><strong>Berufsrechtliche Regelungen:<\/strong><\/p>\n\n\n\n<div class=\"wp-block-group is-vertical is-layout-flex wp-container-core-group-is-layout-91b54b4f wp-block-group-is-layout-flex\">\n<p><a href=\"https:\/\/www.gesetze-im-internet.de\/bt_o\/BJNR004160965.html\">Bundes-Tier\u00e4rzteordnung (BT\u00c4O)<\/a><\/p>\n\n\n\n<p><a href=\"https:\/\/www.rv.hessenrecht.hessen.de\/bshe\/document\/jlr-%C3%84WeitBiGHEpG1\">Hessisches Heilberufegesetz<\/a><\/p>\n\n\n\n<p><a href=\"https:\/\/www.ltk-hessen.de\/fileadmin\/www_ltk_hessen_de\/Dateien_neu\/Rechtsgrundlagen\/2022-03-Berufsordnung.pdf\">Berufsordnung der Landestier\u00e4rztekammer<\/a><\/p>\n\n\n\n<p><a rel=\"noreferrer noopener\" href=\"https:\/\/www.ltk-hessen.de\/fileadmin\/www_ltk_hessen_de\/altbestand\/pdf\/rechtsgrundlagen\/Gesetze_Satzungen_Ordnungen\/2014-04-SchlichtO.pdf\" target=\"_blank\">Schlichtungs- und Schiedsordnung<\/a><br>(Die Schlichtungsstelle ist \u00fcber die Gesch\u00e4ftsstelle der LTK Hessen zu erreichen.)<\/p>\n<\/div>\n<\/div>\n<\/div>\n<\/div>\n\n\n\n<p class=\"has-text-align-right has-small-font-size\" style=\"line-height:3\"><a href=\"https:\/\/www.schaefer.vet\">zur\u00fcck zur Startseite<\/a><\/p>\n","protected":false},"excerpt":{"rendered":"<p>IMPRESSUM Tier\u00e4rztin Lisa Sch\u00e4ferPraxis f\u00fcr Klein- und HeimtiereBahnhofstra\u00dfe 13, 63691 RanstadtTelefon: 06041 3739828E-Mail: praxis@schaefer.vet Wir erheben unsere Geb\u00fchren nach der Geb\u00fchrenordnung f\u00fcr Tier\u00e4rzte. Verantwortlich f\u00fcr den Inhalt (gem. \u00a7 55 Abs. 2 RStV): Lisa Sch\u00e4fer Aufsichtsbeh\u00f6rde und zust\u00e4ndige Kammer:Landestier\u00e4rztekammer Hessen-K\u00f6rperschaft des \u00f6ffentlichen Rechts-Ludwigstra\u00dfe 165510 Idstein Berufsbezeichnung: Tier\u00e4rztin (verliehen in Deutschland)Approbationsbeh\u00f6rde: Regierungspr\u00e4sidium Gie\u00dfen Berufsrechtliche Regelungen: Bundes-Tier\u00e4rzteordnung [&hellip;]<\/p>\n","protected":false},"author":1,"featured_media":11,"parent":0,"menu_order":0,"comment_status":"closed","ping_status":"closed","template":"","meta":{"footnotes":""},"class_list":["post-2","page","type-page","status-publish","has-post-thumbnail","hentry"],"_links":{"self":[{"href":"https:\/\/www.schaefer.vet\/index.php?rest_route=\/wp\/v2\/pages\/2","targetHints":{"allow":["GET"]}}],"collection":[{"href":"https:\/\/www.schaefer.vet\/index.php?rest_route=\/wp\/v2\/pages"}],"about":[{"href":"https:\/\/www.schaefer.vet\/index.php?rest_route=\/wp\/v2\/types\/page"}],"author":[{"embeddable":true,"href":"https:\/\/www.schaefer.vet\/index.php?rest_route=\/wp\/v2\/users\/1"}],"replies":[{"embeddable":true,"href":"https:\/\/www.schaefer.vet\/index.php?rest_route=%2Fwp%2Fv2%2Fcomments&post=2"}],"version-history":[{"count":9,"href":"https:\/\/www.schaefer.vet\/index.php?rest_route=\/wp\/v2\/pages\/2\/revisions"}],"predecessor-version":[{"id":69,"href":"https:\/\/www.schaefer.vet\/index.php?rest_route=\/wp\/v2\/pages\/2\/revisions\/69"}],"wp:featuredmedia":[{"embeddable":true,"href":"https:\/\/www.schaefer.vet\/index.php?rest_route=\/wp\/v2\/media\/11"}],"wp:attachment":[{"href":"https:\/\/www.schaefer.vet\/index.php?rest_route=%2Fwp%2Fv2%2Fmedia&parent=2"}],"curies":[{"name":"wp","href":"https:\/\/api.w.org\/{rel}","templated":true}]}}